{"id":2348,"date":"2024-01-15T10:14:53","date_gmt":"2024-01-15T09:14:53","guid":{"rendered":"https:\/\/mancomunidad.org\/privacy-policy\/"},"modified":"2024-02-15T11:02:34","modified_gmt":"2024-02-15T10:02:34","slug":"privacy-policy","status":"publish","type":"page","link":"https:\/\/mancomunidad.org\/en\/privacy-policy\/","title":{"rendered":"Privacy Policy"},"content":{"rendered":"\t\t<div data-elementor-type=\"wp-page\" data-elementor-id=\"2348\" class=\"elementor elementor-2348 elementor-50\" data-elementor-post-type=\"page\">\n\t\t\t\t<div class=\"elementor-element elementor-element-8229142 e-flex e-con-boxed e-con e-parent\" data-id=\"8229142\" data-element_type=\"container\" data-settings=\"{&quot;background_background&quot;:&quot;classic&quot;}\">\n\t\t\t\t\t<div class=\"e-con-inner\">\n\t\t<div class=\"elementor-element elementor-element-b06b5e6 e-con-full e-flex e-con e-child\" data-id=\"b06b5e6\" data-element_type=\"container\">\n\t\t\t\t<div class=\"elementor-element elementor-element-56ab678 elementor-align-left elementor-widget elementor-widget-breadcrumbs\" data-id=\"56ab678\" data-element_type=\"widget\" data-widget_type=\"breadcrumbs.default\">\n\t\t\t\t<div class=\"elementor-widget-container\">\n\t\t\t\t\t<p id=\"breadcrumbs\"><span><span><a href=\"https:\/\/mancomunidad.org\/en\/\">Inicio<\/a><\/span><\/span><\/p>\t\t\t\t<\/div>\n\t\t\t\t<\/div>\n\t\t\t\t<\/div>\n\t\t\t\t\t<\/div>\n\t\t\t\t<\/div>\n\t\t<div class=\"elementor-element elementor-element-99247e5 e-flex e-con-boxed e-con e-parent\" data-id=\"99247e5\" data-element_type=\"container\">\n\t\t\t\t\t<div class=\"e-con-inner\">\n\t\t\t\t<div class=\"elementor-element elementor-element-286db8a elementor-widget elementor-widget-text-editor\" data-id=\"286db8a\" data-element_type=\"widget\" data-widget_type=\"text-editor.default\">\n\t\t\t\t<div class=\"elementor-widget-container\">\n\t\t\t\t\t\t\t\t\t<h2>\u00bfQui\u00e9n es el responsable del tratamiento de sus datos personales?<\/h2>\n<p>El responsable del tratamiento es el Titular del sitio web.<\/p>\n<h3>Delegado de Protecci\u00f3n de Datos<\/h3>\n<p>Datos de contacto:. dpo@acosol.es<\/p>\n<p>Correo postal: Registro General. C\/ Bonanza s\/n Urb. Playas del Arenal. Marbella. 29604 M\u00e1laga<\/p>\n<h4>\u00a0<\/h4>\n<h4>\u00bfCon qu\u00e9 finalidad tratamos sus datos?<\/h4>\n<p>En esta Entidad tratamos la informaci\u00f3n obtenida con la finalidad de poder atender las consultas y peticiones realizadas por el usuario a trav\u00e9s del formulario de contacto.<\/p>\n<p>Los datos proporcionados por el usuario a trav\u00e9s de la sede electr\u00f3nica se tratar\u00e1n conforme a lo especificado en la Pol\u00edtica de Privacidad facilitada en el \u00e1rea sede electr\u00f3nica de nuestra p\u00e1gina web.<\/p>\n<p>Los datos proporcionados por el usuario a trav\u00e9s de la plataforma de formaci\u00f3n se tratar\u00e1n conforme a lo especificado en la Pol\u00edtica de Privacidad facilitada en el formulario de recogida de datos de los alumnos.<\/p>\n<h3>\u00a0<\/h3>\n<h4>\u00bfPor cu\u00e1nto tiempo conservaremos sus datos?<\/h4>\n<p>Almacenamos los datos durante el tiempo necesario para poder cumplir con las obligaciones legales que encomienda la normativa administrativa, y siempre, cumpliendo al menos con el tiempo m\u00ednimo de conservaci\u00f3n de la informaci\u00f3n. De conformidad con lo regulado en el art\u00edculo 26 de la LOPD-GDD ser\u00e1 l\u00edcito el tratamiento por esta Entidad de los datos con fines de archivo en inter\u00e9s p\u00fablico, siempre cumpliendo con la normativa vigente de archivos y documentaci\u00f3n.<\/p>\n<h3>\u00a0<\/h3>\n<h4>\u00bfCu\u00e1l es la legitimaci\u00f3n para el tratamiento de sus datos personales?<\/h4>\n<p>La base legal para el tratamiento de sus datos con la finalidad de atender las consultas planteadas es el consentimiento que nos presta al enviarnos su solicitud de informaci\u00f3n a trav\u00e9s del formulario de contacto.<\/p>\n<p>Las bases legales que hacen l\u00edcito el tratamiento de los datos personales facilitados a trav\u00e9s de la sede electr\u00f3nica y los facilitados en nuestra plataforma de formaci\u00f3n son las especificadas en las pol\u00edticas de privacidad que se facilitan en la sede electr\u00f3nica y en los apartados de recogida de datos de nuestra plataforma de formaci\u00f3n.<\/p>\n<h3>\u00a0<\/h3>\n<h4>\u00bfA qu\u00e9 destinatarios se comunicar\u00e1n sus datos?<\/h4>\n<p>Los datos no se comunicar\u00e1n a terceros, salvo que sea necesario para cumplir con los fines enumerados anteriormente y siempre que exista normativa legal que lo ampare.<\/p>\n<h4>\u00a0<\/h4>\n<h4>\u00bfCu\u00e1les son sus derechos en relaci\u00f3n con los datos facilitados?<\/h4>\n<p>Cualquier persona tiene derecho a obtener informaci\u00f3n sobre si en esta Entidad se est\u00e1n tratando sus datos personales o no.<\/p>\n<p>Las personas interesadas tienen derecho a acceder a sus datos personales, al plazo de conservaci\u00f3n de sus datos, incluso a obtener una copia de los datos objeto del tratamiento.<\/p>\n<p>Asimismo, tiene derecho de rectificaci\u00f3n de los datos si son inexactos. (Por ejemplo, puede solicitar una rectificaci\u00f3n de su domicilio, un cambio de nombre, etc.).<\/p>\n<p>Los interesados tienen derecho a la limitaci\u00f3n del tratamiento, para ello deber\u00e1n de solicitarlo al responsable, el cual deber\u00e1 de suspender el tratamiento de los datos cuando los ciudadanos soliciten la rectificaci\u00f3n o supresi\u00f3n de sus datos, hasta que se resuelva su solicitud.<\/p>\n<p>Los interesados podr\u00e1n ejercer el derecho de supresi\u00f3n (derecho al olvido) siempre que se den las circunstancias enumeradas en el RGPD y seg\u00fan lo regulado en el art\u00edculo 15 de la LOPD-GDD.<\/p>\n<p>El afectado puede ejercer el derecho de oposici\u00f3n al tratamiento, siempre por motivos relacionados con su situaci\u00f3n personal, con la excepci\u00f3n del que se acredite un inter\u00e9s leg\u00edtimo, o sea necesario para el ejercicio o defensa de reclamaciones. Igualmente, cuando el tratamiento tenga por objeto la mercadot\u00e9cnica directa.<\/p>\n<p>El interesado tendr\u00e1 derecho a la portabilidad a obtener los datos en un formato estructurado, de uso com\u00fan y de lectura mec\u00e1nica, y a transmitirlos a otro responsable del tratamiento cuando el tratamiento est\u00e9 basado en el consentimiento o se efect\u00fae por medios automatizados.<\/p>\n<p>Los interesados podr\u00e1n ejercer los derechos enumerados en los p\u00e1rrafos anteriores, a trav\u00e9s de los formularios disponibles en la sede electr\u00f3nica de esta entidad en la siguiente direcci\u00f3n: https:\/\/mancomunidadcostadelsoloccidental.sedelectronica.es\/dossier.1.1<\/p>\n<p>Los procedimientos para ejercer los derechos enumerados en nuestra sede electr\u00f3nica son la descarga de la documentaci\u00f3n y la tramitaci\u00f3n electr\u00f3nica.<\/p>\n<h3>\u00a0<\/h3>\n<h4>\u00bfCu\u00e1ndo puedo ejercer el derecho de reclamaci\u00f3n ante la Autoridad de Control?<\/h4>\n<p>Podr\u00e1 presentar reclamaci\u00f3n ante la Autoridad de Control en materia de Protecci\u00f3n de Datos competente, especialmente cuando no haya obtenido satisfacci\u00f3n en el ejercicio de sus derechos, dirigi\u00e9ndose al Consejo de Transparencia y Protecci\u00f3n de Datos de Andaluc\u00eda www.ctpdandalucia.es<\/p>\n<h3>\u00a0<\/h3>\n<h4>V\u00ednculos a Terceros<\/h4>\n<p>En el caso de v\u00ednculos a sitios de terceros, el usuario pasar\u00e1 a estar regido por los T\u00e9rminos de Uso y Pol\u00edtica de Privacidad del nuevo sitio web, aceptando que la Mancomunidad no ser\u00e1 responsable ni tendr\u00e1 obligaci\u00f3n legal por el uso de tales sitios.\u00a0<\/p>\n<h4>\u00a0<\/h4>\n<h4>Derechos de Autor<\/h4>\n<p>Todas las marcas, logotipos, nombres comerciales, signos distintivos, servicios, contenidos, textos, fotograf\u00edas, gr\u00e1ficos, im\u00e1genes, software, links e informaciones de cualquier clase que aparecen en este sitio web y sus subdominios son propiedad de la Mancomunidad, o son propiedad de terceros usados en este sitio web con autorizaci\u00f3n de los mismos, por lo que no podr\u00e1n ser reproducidos, distribuidos, comunicados p\u00fablicamente, transformados o modificados sin autorizaci\u00f3n expresa.<\/p>\n<h3>\u00a0<\/h3>\n<h4>Modificaciones de los T\u00e9rminos de Uso y Pol\u00edtica de Privacidad\u00a0<\/h4>\n<p>la Mancomunidad se reserva el derecho a modificar sus T\u00e9rminos de Uso y Pol\u00edtica de Privacidad cuando lo considere adecuado. El usuario se obliga a revisar el contenido de estos T\u00e9rminos de Uso y Pol\u00edtica de Privacidad, ya que los mismos pueden ser modificados sin previo aviso. Asimismo, comprende y acepta todas y cada una de las cl\u00e1usulas contenidas en el presente documento. Es de la entera responsabilidad del usuario revisar los t\u00e9rminos antes mencionados.<\/p>\n\t\t\t\t\t\t\t\t<\/div>\n\t\t\t\t<\/div>\n\t\t\t\t\t<\/div>\n\t\t\t\t<\/div>\n\t\t\t\t<\/div>\n\t\t","protected":false},"excerpt":{"rendered":"<p>\u00bfQui\u00e9n es el responsable del tratamiento de sus datos personales? El responsable del tratamiento es el Titular del sitio web. Delegado de Protecci\u00f3n de Datos Datos de contacto:. dpo@acosol.es Correo postal: Registro General. C\/ Bonanza s\/n Urb. Playas del Arenal. Marbella. 29604 M\u00e1laga \u00a0 \u00bfCon qu\u00e9 finalidad tratamos sus datos? En esta Entidad tratamos la [&hellip;]<\/p>\n","protected":false},"author":1,"featured_media":0,"parent":0,"menu_order":0,"comment_status":"closed","ping_status":"closed","template":"","meta":{"_monsterinsights_skip_tracking":false,"_monsterinsights_sitenote_active":false,"_monsterinsights_sitenote_note":"","_monsterinsights_sitenote_category":0,"footnotes":""},"class_list":["post-2348","page","type-page","status-publish","hentry"],"yoast_head":"<!-- This site is optimized with the Yoast SEO plugin v26.6 - https:\/\/yoast.com\/wordpress\/plugins\/seo\/ -->\n<title>Privacy Policy - Mancomunidad de Municipios<\/title>\n<meta name=\"robots\" content=\"index, follow, max-snippet:-1, max-image-preview:large, max-video-preview:-1\" \/>\n<link rel=\"canonical\" href=\"https:\/\/mancomunidad.org\/en\/privacy-policy\/\" \/>\n<meta property=\"og:locale\" content=\"en_US\" \/>\n<meta property=\"og:type\" content=\"article\" \/>\n<meta property=\"og:title\" content=\"Privacy Policy - Mancomunidad de Municipios\" \/>\n<meta property=\"og:description\" content=\"\u00bfQui\u00e9n es el responsable del tratamiento de sus datos personales? El responsable del tratamiento es el Titular del sitio web. Delegado de Protecci\u00f3n de Datos Datos de contacto:. dpo@acosol.es Correo postal: Registro General. C\/ Bonanza s\/n Urb. Playas del Arenal. Marbella. 29604 M\u00e1laga \u00a0 \u00bfCon qu\u00e9 finalidad tratamos sus datos? En esta Entidad tratamos la [&hellip;]\" \/>\n<meta property=\"og:url\" content=\"https:\/\/mancomunidad.org\/en\/privacy-policy\/\" \/>\n<meta property=\"og:site_name\" content=\"Mancomunidad de Municipios\" \/>\n<meta property=\"article:publisher\" content=\"https:\/\/www.facebook.com\/mancomunidadcostasoloccidental\/\" \/>\n<meta property=\"article:modified_time\" content=\"2024-02-15T10:02:34+00:00\" \/>\n<meta property=\"og:image\" content=\"https:\/\/mancomunidad.org\/wp-content\/uploads\/2024\/02\/mancomunidad-schema.jpeg\" \/>\n\t<meta property=\"og:image:width\" content=\"1600\" \/>\n\t<meta property=\"og:image:height\" content=\"900\" \/>\n\t<meta property=\"og:image:type\" content=\"image\/jpeg\" \/>\n<meta name=\"twitter:card\" content=\"summary_large_image\" \/>\n<meta name=\"twitter:site\" content=\"@MancomunidadCSO\" \/>\n<meta name=\"twitter:label1\" content=\"Est. reading time\" \/>\n\t<meta name=\"twitter:data1\" content=\"5 minutes\" \/>\n<script type=\"application\/ld+json\" class=\"yoast-schema-graph\">{\"@context\":\"https:\/\/schema.org\",\"@graph\":[{\"@type\":\"WebPage\",\"@id\":\"https:\/\/mancomunidad.org\/en\/privacy-policy\/\",\"url\":\"https:\/\/mancomunidad.org\/en\/privacy-policy\/\",\"name\":\"Privacy Policy - Mancomunidad de Municipios\",\"isPartOf\":{\"@id\":\"https:\/\/mancomunidad.org\/en\/#website\"},\"datePublished\":\"2024-01-15T09:14:53+00:00\",\"dateModified\":\"2024-02-15T10:02:34+00:00\",\"breadcrumb\":{\"@id\":\"https:\/\/mancomunidad.org\/en\/privacy-policy\/#breadcrumb\"},\"inLanguage\":\"en-US\",\"potentialAction\":[{\"@type\":\"ReadAction\",\"target\":[\"https:\/\/mancomunidad.org\/en\/privacy-policy\/\"]}]},{\"@type\":\"BreadcrumbList\",\"@id\":\"https:\/\/mancomunidad.org\/en\/privacy-policy\/#breadcrumb\",\"itemListElement\":[{\"@type\":\"ListItem\",\"position\":1,\"name\":\"Inicio\",\"item\":\"https:\/\/mancomunidad.org\/en\/\"},{\"@type\":\"ListItem\",\"position\":2,\"name\":\"Privacy Policy\"}]},{\"@type\":\"WebSite\",\"@id\":\"https:\/\/mancomunidad.org\/en\/#website\",\"url\":\"https:\/\/mancomunidad.org\/en\/\",\"name\":\"Mancomunidad de Municipios\",\"description\":\"Costa del Sol Occidental\",\"publisher\":{\"@id\":\"https:\/\/mancomunidad.org\/en\/#organization\"},\"potentialAction\":[{\"@type\":\"SearchAction\",\"target\":{\"@type\":\"EntryPoint\",\"urlTemplate\":\"https:\/\/mancomunidad.org\/en\/?s={search_term_string}\"},\"query-input\":{\"@type\":\"PropertyValueSpecification\",\"valueRequired\":true,\"valueName\":\"search_term_string\"}}],\"inLanguage\":\"en-US\"},{\"@type\":\"Organization\",\"@id\":\"https:\/\/mancomunidad.org\/en\/#organization\",\"name\":\"Costa del Sol occidental\",\"url\":\"https:\/\/mancomunidad.org\/en\/\",\"logo\":{\"@type\":\"ImageObject\",\"inLanguage\":\"en-US\",\"@id\":\"https:\/\/mancomunidad.org\/en\/#\/schema\/logo\/image\/\",\"url\":\"https:\/\/mancomunidad.org\/wp-content\/uploads\/2024\/01\/logo_footer.png\",\"contentUrl\":\"https:\/\/mancomunidad.org\/wp-content\/uploads\/2024\/01\/logo_footer.png\",\"width\":201,\"height\":61,\"caption\":\"Costa del Sol occidental\"},\"image\":{\"@id\":\"https:\/\/mancomunidad.org\/en\/#\/schema\/logo\/image\/\"},\"sameAs\":[\"https:\/\/www.facebook.com\/mancomunidadcostasoloccidental\/\",\"https:\/\/x.com\/MancomunidadCSO\",\"https:\/\/www.instagram.com\/mancomunidadmunicipioscso\/\"]}]}<\/script>\n<!-- \/ Yoast SEO plugin. -->","yoast_head_json":{"title":"Privacy Policy - Mancomunidad de Municipios","robots":{"index":"index","follow":"follow","max-snippet":"max-snippet:-1","max-image-preview":"max-image-preview:large","max-video-preview":"max-video-preview:-1"},"canonical":"https:\/\/mancomunidad.org\/en\/privacy-policy\/","og_locale":"en_US","og_type":"article","og_title":"Privacy Policy - Mancomunidad de Municipios","og_description":"\u00bfQui\u00e9n es el responsable del tratamiento de sus datos personales? El responsable del tratamiento es el Titular del sitio web. Delegado de Protecci\u00f3n de Datos Datos de contacto:. dpo@acosol.es Correo postal: Registro General. C\/ Bonanza s\/n Urb. Playas del Arenal. Marbella. 29604 M\u00e1laga \u00a0 \u00bfCon qu\u00e9 finalidad tratamos sus datos? En esta Entidad tratamos la [&hellip;]","og_url":"https:\/\/mancomunidad.org\/en\/privacy-policy\/","og_site_name":"Mancomunidad de Municipios","article_publisher":"https:\/\/www.facebook.com\/mancomunidadcostasoloccidental\/","article_modified_time":"2024-02-15T10:02:34+00:00","og_image":[{"width":1600,"height":900,"url":"https:\/\/mancomunidad.org\/wp-content\/uploads\/2024\/02\/mancomunidad-schema.jpeg","type":"image\/jpeg"}],"twitter_card":"summary_large_image","twitter_site":"@MancomunidadCSO","twitter_misc":{"Est. reading time":"5 minutes"},"schema":{"@context":"https:\/\/schema.org","@graph":[{"@type":"WebPage","@id":"https:\/\/mancomunidad.org\/en\/privacy-policy\/","url":"https:\/\/mancomunidad.org\/en\/privacy-policy\/","name":"Privacy Policy - Mancomunidad de Municipios","isPartOf":{"@id":"https:\/\/mancomunidad.org\/en\/#website"},"datePublished":"2024-01-15T09:14:53+00:00","dateModified":"2024-02-15T10:02:34+00:00","breadcrumb":{"@id":"https:\/\/mancomunidad.org\/en\/privacy-policy\/#breadcrumb"},"inLanguage":"en-US","potentialAction":[{"@type":"ReadAction","target":["https:\/\/mancomunidad.org\/en\/privacy-policy\/"]}]},{"@type":"BreadcrumbList","@id":"https:\/\/mancomunidad.org\/en\/privacy-policy\/#breadcrumb","itemListElement":[{"@type":"ListItem","position":1,"name":"Inicio","item":"https:\/\/mancomunidad.org\/en\/"},{"@type":"ListItem","position":2,"name":"Privacy Policy"}]},{"@type":"WebSite","@id":"https:\/\/mancomunidad.org\/en\/#website","url":"https:\/\/mancomunidad.org\/en\/","name":"Mancomunidad de Municipios","description":"Costa del Sol Occidental","publisher":{"@id":"https:\/\/mancomunidad.org\/en\/#organization"},"potentialAction":[{"@type":"SearchAction","target":{"@type":"EntryPoint","urlTemplate":"https:\/\/mancomunidad.org\/en\/?s={search_term_string}"},"query-input":{"@type":"PropertyValueSpecification","valueRequired":true,"valueName":"search_term_string"}}],"inLanguage":"en-US"},{"@type":"Organization","@id":"https:\/\/mancomunidad.org\/en\/#organization","name":"Costa del Sol occidental","url":"https:\/\/mancomunidad.org\/en\/","logo":{"@type":"ImageObject","inLanguage":"en-US","@id":"https:\/\/mancomunidad.org\/en\/#\/schema\/logo\/image\/","url":"https:\/\/mancomunidad.org\/wp-content\/uploads\/2024\/01\/logo_footer.png","contentUrl":"https:\/\/mancomunidad.org\/wp-content\/uploads\/2024\/01\/logo_footer.png","width":201,"height":61,"caption":"Costa del Sol occidental"},"image":{"@id":"https:\/\/mancomunidad.org\/en\/#\/schema\/logo\/image\/"},"sameAs":["https:\/\/www.facebook.com\/mancomunidadcostasoloccidental\/","https:\/\/x.com\/MancomunidadCSO","https:\/\/www.instagram.com\/mancomunidadmunicipioscso\/"]}]}},"_links":{"self":[{"href":"https:\/\/mancomunidad.org\/en\/wp-json\/wp\/v2\/pages\/2348","targetHints":{"allow":["GET"]}}],"collection":[{"href":"https:\/\/mancomunidad.org\/en\/wp-json\/wp\/v2\/pages"}],"about":[{"href":"https:\/\/mancomunidad.org\/en\/wp-json\/wp\/v2\/types\/page"}],"author":[{"embeddable":true,"href":"https:\/\/mancomunidad.org\/en\/wp-json\/wp\/v2\/users\/1"}],"replies":[{"embeddable":true,"href":"https:\/\/mancomunidad.org\/en\/wp-json\/wp\/v2\/comments?post=2348"}],"version-history":[{"count":1,"href":"https:\/\/mancomunidad.org\/en\/wp-json\/wp\/v2\/pages\/2348\/revisions"}],"predecessor-version":[{"id":2349,"href":"https:\/\/mancomunidad.org\/en\/wp-json\/wp\/v2\/pages\/2348\/revisions\/2349"}],"wp:attachment":[{"href":"https:\/\/mancomunidad.org\/en\/wp-json\/wp\/v2\/media?parent=2348"}],"curies":[{"name":"wp","href":"https:\/\/api.w.org\/{rel}","templated":true}]}}