{"id":2341,"date":"2024-01-15T10:15:04","date_gmt":"2024-01-15T09:15:04","guid":{"rendered":"https:\/\/mancomunidad.org\/cookies-policy\/"},"modified":"2024-02-15T11:01:37","modified_gmt":"2024-02-15T10:01:37","slug":"cookies-policy","status":"publish","type":"page","link":"https:\/\/mancomunidad.org\/en\/cookies-policy\/","title":{"rendered":"Cookies policy"},"content":{"rendered":"\t\t<div data-elementor-type=\"wp-page\" data-elementor-id=\"2341\" class=\"elementor elementor-2341 elementor-52\" data-elementor-post-type=\"page\">\n\t\t\t\t<div class=\"elementor-element elementor-element-faf57ac e-flex e-con-boxed e-con e-parent\" data-id=\"faf57ac\" data-element_type=\"container\" data-settings=\"{&quot;background_background&quot;:&quot;classic&quot;}\">\n\t\t\t\t\t<div class=\"e-con-inner\">\n\t\t<div class=\"elementor-element elementor-element-c6118a5 e-con-full e-flex e-con e-child\" data-id=\"c6118a5\" data-element_type=\"container\">\n\t\t\t\t<div class=\"elementor-element elementor-element-497fb46 elementor-align-left elementor-widget elementor-widget-breadcrumbs\" data-id=\"497fb46\" data-element_type=\"widget\" data-widget_type=\"breadcrumbs.default\">\n\t\t\t\t<div class=\"elementor-widget-container\">\n\t\t\t\t\t<p id=\"breadcrumbs\"><span><span><a href=\"https:\/\/mancomunidad.org\/en\/\">Inicio<\/a><\/span><\/span><\/p>\t\t\t\t<\/div>\n\t\t\t\t<\/div>\n\t\t\t\t<\/div>\n\t\t\t\t\t<\/div>\n\t\t\t\t<\/div>\n\t\t<div class=\"elementor-element elementor-element-66d0b5e e-flex e-con-boxed e-con e-parent\" data-id=\"66d0b5e\" data-element_type=\"container\">\n\t\t\t\t\t<div class=\"e-con-inner\">\n\t\t\t\t<div class=\"elementor-element elementor-element-4f847da elementor-widget elementor-widget-text-editor\" data-id=\"4f847da\" data-element_type=\"widget\" data-widget_type=\"text-editor.default\">\n\t\t\t\t<div class=\"elementor-widget-container\">\n\t\t\t\t\t\t\t\t\t<div class=\"p_izq\">En cumplimiento del art\u00edculo 22.2 de la Ley 34\/2002, de Servicios de la Sociedad de la Informaci\u00f3n, informamos a los usuarios de nuestro sitio web de nuestra Pol\u00edtica de uso de Cookies.<\/p>\n<h2>\u00bfQu\u00e9 es una Cookie?<\/h2>\n<p>\u00a0Las cookies son archivos que contienen peque\u00f1as cantidades de informaci\u00f3n que se descargan en el dispositivo del usuario que se utiliza cuando visitas nuestro sitio web. Su finalidad principal es reconocer al usuario (mediante identificadores que no permiten identificarlo con persona f\u00edsica alguna) cada vez que accede al sitio web y nos permite, adem\u00e1s, mejorar la usabilidad de nuestros sitios web. Las cookies son esenciales para la interacci\u00f3n del usuario con el sitio web; no pueden da\u00f1ar el equipo\/dispositivo del usuario y, si se encuentran activadas en la configuraci\u00f3n de tu navegador, nos ayudan a identificar y resolver posibles errores de funcionamiento de nuestro sitio web.<\/p>\n<h2>Tipos de Cookies que usamos<\/h2>\n<p>Las cookies se pueden clasificar (1) seg\u00fan la entidad que las gestione, (2) seg\u00fan su finalidad y (3) seg\u00fan el plazo de tiempo que permanecen activadas. Nuestro sitio web utiliza los siguientes tipos de cookies:<\/p><\/div>\n<div>\u00a0<\/div>\n<div class=\"p_izq\"><strong>Seg\u00fan la entidad responsable:<\/strong><\/p>\n<ul>\n<li>Cookies propias: son aquellas que se env\u00edan al equipo terminal del usuario desde un equipo o dominio gestionado por nuestra empresa y desde el que se presta el servicio solicitado por el usuario.<\/li>\n<li>Cookies de tercero: son aquellas que se env\u00edan al equipo terminal del usuario desde un equipo o dominio que no es gestionado por nuestra empresa, sino por otra entidad que trata los datos obtenidos a trav\u00e9s de las cookies.<\/li>\n<\/ul>\n<p>\u00a0<\/p>\n<p><strong>Seg\u00fan su finalidad:<\/strong><\/p>\n<ul>\n<li>Cookies t\u00e9cnicas: permiten al usuario la navegaci\u00f3n a trav\u00e9s de una p\u00e1gina web, plataforma o aplicaci\u00f3n y la utilizaci\u00f3n de las diferentes opciones o servicios que en ella existan, incluyendo aquellas que la empresa utiliza para permitir la gesti\u00f3n y operativa de la p\u00e1gina web, habilitar sus funciones y servicios e identificar al usuario.<\/li>\n<li>Cookies de preferencias o personalizaci\u00f3n: son aquellas que permiten recordar informaci\u00f3n para que el usuario acceda al servicio con determinadas caracter\u00edsticas que pueden diferenciar su experiencia de la de otros usuarios, como, por ejemplo, el idioma, el n\u00famero de resultados a mostrar cuando el usuario realiza una b\u00fasqueda, el aspecto o contenido del servicio en funci\u00f3n del tipo de navegador a trav\u00e9s del cual el usuario accede al servicio o de la regi\u00f3n desde la que accede al servicio, etc.<\/li>\n<li>Cookies de an\u00e1lisis o medici\u00f3n: son aquellas que, tratadas por nosotros o por terceros, nos permiten cuantificar el n\u00famero de usuarios y as\u00ed realizar la medici\u00f3n y an\u00e1lisis estad\u00edstico de la utilizaci\u00f3n que hacen los usuarios del servicio ofertado. Para ello se analiza su navegaci\u00f3n en nuestra p\u00e1gina web con el fin de mejorar la oferta de productos o servicios que le ofrecemos.<\/li>\n<li>Cookies de publicidad comportamental: son aquellas que almacenan informaci\u00f3n del comportamiento de los usuarios obtenida a trav\u00e9s de la observaci\u00f3n continuada de sus h\u00e1bitos de navegaci\u00f3n, lo que permite desarrollar un perfil espec\u00edfico para mostrar publicidad en funci\u00f3n del mismo.<\/li>\n<\/ul>\n<p>\u00a0<\/p>\n<p><strong>Seg\u00fan el plazo de tiempo que permanecen activadas:<\/strong><\/p>\n<ul>\n<li>Cookies de sesi\u00f3n: las cookies de sesi\u00f3n duran solamente por la duraci\u00f3n de la visita y se borran cuando el usuario cierra la sesi\u00f3n. Su finalidad principal es identificar el tipo de dispositivo, apoyar la seguridad sitio web o su funcionalidad b\u00e1sica. No contienen informaci\u00f3n personal que permita identificar a una persona.<\/li>\n<li>Cookies persistentes o permanentes: se almacenan en el disco duro del dispositivo y el sitio web las lee cada vez que el usuario realiza una nueva visita al sitio web; poseen una fecha de caducidad o expiraci\u00f3n determinada, cumplida la cual la cookie deja de funcionar. Permiten identificar las acciones y preferencias del usuario; analizar las visitas y ayudan a comprender c\u00f3mo llegan los usuarios al sitio web y mejorar los servicios ofrecidos por el mismo.<\/li>\n<\/ul>\n<p><\/p>\n<h2>Uso de Cookies en nuestro sitio web<\/h2>\n<p>Nuestro sitio web utiliza las siguientes cookies. El usuario deber\u00e1 aceptar de manera expresa que podamos usar las cookies no necesarias en sus dispositivos. La no aceptaci\u00f3n de las cookies opcionales no afectar\u00e1 a la navegaci\u00f3n en nuestros sitios web.<\/p>\n<p>Nombre de cookie Necesaria \/ optativa Propia \/ de terceros Duraci\u00f3n Finalidad__atssc \u00a0optativa \u00a0Terceros-Google Analytics permanente dos a\u00f1os. Cookie T\u00e9cnica, de an\u00e1lisis\/medici\u00f3n.<\/p>\n<p>\u00a0<\/p>\n<\/div>\n<div class=\"p_der\">\n<p>__atuvc optativa Terceros-Twitter, Facebook y Google+ sesi\u00f3n\u00a0 Sistema de compartici\u00f3n de p\u00e1ginas en redes sociales. Actualizan el contador y permiten compartir en Twitter.\u00a0__atuvs optativa Terceros-twitterFacebook, y Google +\u00a0 sesi\u00f3n\u00a030 min. Sistema de compartici\u00f3n de p\u00e1ginas en redes sociales.\u00a0<\/p>\n<p><\/p>\n<h2>Configuraci\u00f3n del usuario para evitar o rechazar cookies<\/h2>\n<p>Informamos de que puede bloquear o deshabilitar las cookies no necesarias desde la configuraci\u00f3n de su navegador, que permite rechazar la instalaci\u00f3n de todas las cookies o de algunas de ellas. La mayor\u00eda de los navegadores permiten advertir de la presencia de cookies o rechazarlas autom\u00e1ticamente. Si rechaza las cookies no necesarias podr\u00e1 seguir usando nuestro Sitio Web, aunque el uso de algunos de sus servicios podr\u00e1 ser limitado y, por tanto, su experiencia en nuestro sitio web menos satisfactoria. Consulte las opciones e instrucciones que ofrece su navegador para ello. Tenga en cuenta que, si acepta las cookies de terceros, deber\u00e1 eliminarlas desde las opciones del navegador.\u00a0<\/p><\/div>\n\t\t\t\t\t\t\t\t<\/div>\n\t\t\t\t<\/div>\n\t\t\t\t\t<\/div>\n\t\t\t\t<\/div>\n\t\t\t\t<\/div>\n\t\t","protected":false},"excerpt":{"rendered":"<p>En cumplimiento del art\u00edculo 22.2 de la Ley 34\/2002, de Servicios de la Sociedad de la Informaci\u00f3n, informamos a los usuarios de nuestro sitio web de nuestra Pol\u00edtica de uso de Cookies. \u00bfQu\u00e9 es una Cookie? \u00a0Las cookies son archivos que contienen peque\u00f1as cantidades de informaci\u00f3n que se descargan en el dispositivo del usuario que [&hellip;]<\/p>\n","protected":false},"author":1,"featured_media":0,"parent":0,"menu_order":0,"comment_status":"closed","ping_status":"closed","template":"","meta":{"_monsterinsights_skip_tracking":false,"_monsterinsights_sitenote_active":false,"_monsterinsights_sitenote_note":"","_monsterinsights_sitenote_category":0,"footnotes":""},"class_list":["post-2341","page","type-page","status-publish","hentry"],"yoast_head":"<!-- This site is optimized with the Yoast SEO plugin v26.6 - https:\/\/yoast.com\/wordpress\/plugins\/seo\/ -->\n<title>Cookies policy - Mancomunidad de Municipios<\/title>\n<meta name=\"robots\" content=\"index, follow, max-snippet:-1, max-image-preview:large, max-video-preview:-1\" \/>\n<link rel=\"canonical\" href=\"https:\/\/mancomunidad.org\/en\/cookies-policy\/\" \/>\n<meta property=\"og:locale\" content=\"en_US\" \/>\n<meta property=\"og:type\" content=\"article\" \/>\n<meta property=\"og:title\" content=\"Cookies policy - Mancomunidad de Municipios\" \/>\n<meta property=\"og:description\" content=\"En cumplimiento del art\u00edculo 22.2 de la Ley 34\/2002, de Servicios de la Sociedad de la Informaci\u00f3n, informamos a los usuarios de nuestro sitio web de nuestra Pol\u00edtica de uso de Cookies. \u00bfQu\u00e9 es una Cookie? \u00a0Las cookies son archivos que contienen peque\u00f1as cantidades de informaci\u00f3n que se descargan en el dispositivo del usuario que [&hellip;]\" \/>\n<meta property=\"og:url\" content=\"https:\/\/mancomunidad.org\/en\/cookies-policy\/\" \/>\n<meta property=\"og:site_name\" content=\"Mancomunidad de Municipios\" \/>\n<meta property=\"article:publisher\" content=\"https:\/\/www.facebook.com\/mancomunidadcostasoloccidental\/\" \/>\n<meta property=\"article:modified_time\" content=\"2024-02-15T10:01:37+00:00\" \/>\n<meta property=\"og:image\" content=\"https:\/\/mancomunidad.org\/wp-content\/uploads\/2024\/02\/mancomunidad-schema.jpeg\" \/>\n\t<meta property=\"og:image:width\" content=\"1600\" \/>\n\t<meta property=\"og:image:height\" content=\"900\" \/>\n\t<meta property=\"og:image:type\" content=\"image\/jpeg\" \/>\n<meta name=\"twitter:card\" content=\"summary_large_image\" \/>\n<meta name=\"twitter:site\" content=\"@MancomunidadCSO\" \/>\n<meta name=\"twitter:label1\" content=\"Est. reading time\" \/>\n\t<meta name=\"twitter:data1\" content=\"5 minutes\" \/>\n<script type=\"application\/ld+json\" class=\"yoast-schema-graph\">{\"@context\":\"https:\/\/schema.org\",\"@graph\":[{\"@type\":\"WebPage\",\"@id\":\"https:\/\/mancomunidad.org\/en\/cookies-policy\/\",\"url\":\"https:\/\/mancomunidad.org\/en\/cookies-policy\/\",\"name\":\"Cookies policy - Mancomunidad de Municipios\",\"isPartOf\":{\"@id\":\"https:\/\/mancomunidad.org\/en\/#website\"},\"datePublished\":\"2024-01-15T09:15:04+00:00\",\"dateModified\":\"2024-02-15T10:01:37+00:00\",\"breadcrumb\":{\"@id\":\"https:\/\/mancomunidad.org\/en\/cookies-policy\/#breadcrumb\"},\"inLanguage\":\"en-US\",\"potentialAction\":[{\"@type\":\"ReadAction\",\"target\":[\"https:\/\/mancomunidad.org\/en\/cookies-policy\/\"]}]},{\"@type\":\"BreadcrumbList\",\"@id\":\"https:\/\/mancomunidad.org\/en\/cookies-policy\/#breadcrumb\",\"itemListElement\":[{\"@type\":\"ListItem\",\"position\":1,\"name\":\"Inicio\",\"item\":\"https:\/\/mancomunidad.org\/en\/\"},{\"@type\":\"ListItem\",\"position\":2,\"name\":\"Cookies policy\"}]},{\"@type\":\"WebSite\",\"@id\":\"https:\/\/mancomunidad.org\/en\/#website\",\"url\":\"https:\/\/mancomunidad.org\/en\/\",\"name\":\"Mancomunidad de Municipios\",\"description\":\"Costa del Sol Occidental\",\"publisher\":{\"@id\":\"https:\/\/mancomunidad.org\/en\/#organization\"},\"potentialAction\":[{\"@type\":\"SearchAction\",\"target\":{\"@type\":\"EntryPoint\",\"urlTemplate\":\"https:\/\/mancomunidad.org\/en\/?s={search_term_string}\"},\"query-input\":{\"@type\":\"PropertyValueSpecification\",\"valueRequired\":true,\"valueName\":\"search_term_string\"}}],\"inLanguage\":\"en-US\"},{\"@type\":\"Organization\",\"@id\":\"https:\/\/mancomunidad.org\/en\/#organization\",\"name\":\"Costa del Sol occidental\",\"url\":\"https:\/\/mancomunidad.org\/en\/\",\"logo\":{\"@type\":\"ImageObject\",\"inLanguage\":\"en-US\",\"@id\":\"https:\/\/mancomunidad.org\/en\/#\/schema\/logo\/image\/\",\"url\":\"https:\/\/mancomunidad.org\/wp-content\/uploads\/2024\/01\/logo_footer.png\",\"contentUrl\":\"https:\/\/mancomunidad.org\/wp-content\/uploads\/2024\/01\/logo_footer.png\",\"width\":201,\"height\":61,\"caption\":\"Costa del Sol occidental\"},\"image\":{\"@id\":\"https:\/\/mancomunidad.org\/en\/#\/schema\/logo\/image\/\"},\"sameAs\":[\"https:\/\/www.facebook.com\/mancomunidadcostasoloccidental\/\",\"https:\/\/x.com\/MancomunidadCSO\",\"https:\/\/www.instagram.com\/mancomunidadmunicipioscso\/\"]}]}<\/script>\n<!-- \/ Yoast SEO plugin. -->","yoast_head_json":{"title":"Cookies policy - Mancomunidad de Municipios","robots":{"index":"index","follow":"follow","max-snippet":"max-snippet:-1","max-image-preview":"max-image-preview:large","max-video-preview":"max-video-preview:-1"},"canonical":"https:\/\/mancomunidad.org\/en\/cookies-policy\/","og_locale":"en_US","og_type":"article","og_title":"Cookies policy - Mancomunidad de Municipios","og_description":"En cumplimiento del art\u00edculo 22.2 de la Ley 34\/2002, de Servicios de la Sociedad de la Informaci\u00f3n, informamos a los usuarios de nuestro sitio web de nuestra Pol\u00edtica de uso de Cookies. \u00bfQu\u00e9 es una Cookie? \u00a0Las cookies son archivos que contienen peque\u00f1as cantidades de informaci\u00f3n que se descargan en el dispositivo del usuario que [&hellip;]","og_url":"https:\/\/mancomunidad.org\/en\/cookies-policy\/","og_site_name":"Mancomunidad de Municipios","article_publisher":"https:\/\/www.facebook.com\/mancomunidadcostasoloccidental\/","article_modified_time":"2024-02-15T10:01:37+00:00","og_image":[{"width":1600,"height":900,"url":"https:\/\/mancomunidad.org\/wp-content\/uploads\/2024\/02\/mancomunidad-schema.jpeg","type":"image\/jpeg"}],"twitter_card":"summary_large_image","twitter_site":"@MancomunidadCSO","twitter_misc":{"Est. reading time":"5 minutes"},"schema":{"@context":"https:\/\/schema.org","@graph":[{"@type":"WebPage","@id":"https:\/\/mancomunidad.org\/en\/cookies-policy\/","url":"https:\/\/mancomunidad.org\/en\/cookies-policy\/","name":"Cookies policy - Mancomunidad de Municipios","isPartOf":{"@id":"https:\/\/mancomunidad.org\/en\/#website"},"datePublished":"2024-01-15T09:15:04+00:00","dateModified":"2024-02-15T10:01:37+00:00","breadcrumb":{"@id":"https:\/\/mancomunidad.org\/en\/cookies-policy\/#breadcrumb"},"inLanguage":"en-US","potentialAction":[{"@type":"ReadAction","target":["https:\/\/mancomunidad.org\/en\/cookies-policy\/"]}]},{"@type":"BreadcrumbList","@id":"https:\/\/mancomunidad.org\/en\/cookies-policy\/#breadcrumb","itemListElement":[{"@type":"ListItem","position":1,"name":"Inicio","item":"https:\/\/mancomunidad.org\/en\/"},{"@type":"ListItem","position":2,"name":"Cookies policy"}]},{"@type":"WebSite","@id":"https:\/\/mancomunidad.org\/en\/#website","url":"https:\/\/mancomunidad.org\/en\/","name":"Mancomunidad de Municipios","description":"Costa del Sol Occidental","publisher":{"@id":"https:\/\/mancomunidad.org\/en\/#organization"},"potentialAction":[{"@type":"SearchAction","target":{"@type":"EntryPoint","urlTemplate":"https:\/\/mancomunidad.org\/en\/?s={search_term_string}"},"query-input":{"@type":"PropertyValueSpecification","valueRequired":true,"valueName":"search_term_string"}}],"inLanguage":"en-US"},{"@type":"Organization","@id":"https:\/\/mancomunidad.org\/en\/#organization","name":"Costa del Sol occidental","url":"https:\/\/mancomunidad.org\/en\/","logo":{"@type":"ImageObject","inLanguage":"en-US","@id":"https:\/\/mancomunidad.org\/en\/#\/schema\/logo\/image\/","url":"https:\/\/mancomunidad.org\/wp-content\/uploads\/2024\/01\/logo_footer.png","contentUrl":"https:\/\/mancomunidad.org\/wp-content\/uploads\/2024\/01\/logo_footer.png","width":201,"height":61,"caption":"Costa del Sol occidental"},"image":{"@id":"https:\/\/mancomunidad.org\/en\/#\/schema\/logo\/image\/"},"sameAs":["https:\/\/www.facebook.com\/mancomunidadcostasoloccidental\/","https:\/\/x.com\/MancomunidadCSO","https:\/\/www.instagram.com\/mancomunidadmunicipioscso\/"]}]}},"_links":{"self":[{"href":"https:\/\/mancomunidad.org\/en\/wp-json\/wp\/v2\/pages\/2341","targetHints":{"allow":["GET"]}}],"collection":[{"href":"https:\/\/mancomunidad.org\/en\/wp-json\/wp\/v2\/pages"}],"about":[{"href":"https:\/\/mancomunidad.org\/en\/wp-json\/wp\/v2\/types\/page"}],"author":[{"embeddable":true,"href":"https:\/\/mancomunidad.org\/en\/wp-json\/wp\/v2\/users\/1"}],"replies":[{"embeddable":true,"href":"https:\/\/mancomunidad.org\/en\/wp-json\/wp\/v2\/comments?post=2341"}],"version-history":[{"count":1,"href":"https:\/\/mancomunidad.org\/en\/wp-json\/wp\/v2\/pages\/2341\/revisions"}],"predecessor-version":[{"id":2342,"href":"https:\/\/mancomunidad.org\/en\/wp-json\/wp\/v2\/pages\/2341\/revisions\/2342"}],"wp:attachment":[{"href":"https:\/\/mancomunidad.org\/en\/wp-json\/wp\/v2\/media?parent=2341"}],"curies":[{"name":"wp","href":"https:\/\/api.w.org\/{rel}","templated":true}]}}