{"id":2333,"date":"2024-01-15T08:04:13","date_gmt":"2024-01-15T07:04:13","guid":{"rendered":"https:\/\/mancomunidad.org\/legal-notice\/"},"modified":"2024-02-15T10:59:43","modified_gmt":"2024-02-15T09:59:43","slug":"legal-notice","status":"publish","type":"page","link":"https:\/\/mancomunidad.org\/en\/legal-notice\/","title":{"rendered":"Legal notice"},"content":{"rendered":"\t\t<div data-elementor-type=\"wp-page\" data-elementor-id=\"2333\" class=\"elementor elementor-2333 elementor-3\" data-elementor-post-type=\"page\">\n\t\t\t\t<div class=\"elementor-element elementor-element-99de4ae e-flex e-con-boxed e-con e-parent\" data-id=\"99de4ae\" data-element_type=\"container\" data-settings=\"{&quot;background_background&quot;:&quot;classic&quot;}\">\n\t\t\t\t\t<div class=\"e-con-inner\">\n\t\t<div class=\"elementor-element elementor-element-0754450 e-con-full e-flex e-con e-child\" data-id=\"0754450\" data-element_type=\"container\">\n\t\t\t\t<div class=\"elementor-element elementor-element-0a5a83f elementor-align-left elementor-widget elementor-widget-breadcrumbs\" data-id=\"0a5a83f\" data-element_type=\"widget\" data-widget_type=\"breadcrumbs.default\">\n\t\t\t\t<div class=\"elementor-widget-container\">\n\t\t\t\t\t<p id=\"breadcrumbs\"><span><span><a href=\"https:\/\/mancomunidad.org\/en\/\">Inicio<\/a><\/span><\/span><\/p>\t\t\t\t<\/div>\n\t\t\t\t<\/div>\n\t\t\t\t<\/div>\n\t\t\t\t\t<\/div>\n\t\t\t\t<\/div>\n\t\t<div class=\"elementor-element elementor-element-7e7710d8 e-con-full e-flex e-con e-parent\" data-id=\"7e7710d8\" data-element_type=\"container\" data-settings=\"{&quot;background_background&quot;:&quot;classic&quot;}\">\n\t\t<div class=\"elementor-element elementor-element-eba2164 e-flex e-con-boxed e-con e-child\" data-id=\"eba2164\" data-element_type=\"container\">\n\t\t\t\t\t<div class=\"e-con-inner\">\n\t\t\t\t<div class=\"elementor-element elementor-element-2a2bcb3e elementor-widget elementor-widget-text-editor\" data-id=\"2a2bcb3e\" data-element_type=\"widget\" data-widget_type=\"text-editor.default\">\n\t\t\t\t<div class=\"elementor-widget-container\">\n\t\t\t\t\t\t\t\t\t<p>Para dar cumplimiento a lo establecido en la Ley 34\/2002 de 11 de julio, de Servicios de la Sociedad de la Informaci\u00f3n y de Comercio Electr\u00f3nico (LSSICE), a continuaci\u00f3n, se indican los datos de informaci\u00f3n general del sitio web mancomunidad.org:<\/p>\r\n<h2>Titular del sitio web<\/h2>\r\n<p>Mancomunidad de Municipios de la Costa del Sol Occidental [P2900001E]<\/p>\r\n<p>Direcci\u00f3n Postal: C\/ Bonanza s\/n Urb. Playas del Arenal. Marbella. 29604 M\u00e1laga<\/p>\r\n<p>Tel\u00e9fono: 952 839 316<\/p>\r\n<p>Correo electr\u00f3nico: info@mancomunidad.org<\/p>\r\n<h2>Utilizaci\u00f3n del sitio web<\/h2>\r\n<p>El sitio web mancomunidad.org y todos sus subdominios son ofrecidos con fines informativos en relaci\u00f3n con las actividades desarrollada por la Mancomunidad, la gesti\u00f3n de las peticiones, consultas plateadas por los usuarios, la gesti\u00f3n de los tr\u00e1mites solicitados en nuestra sede electr\u00f3nica y la gesti\u00f3n de la formaci\u00f3n a trav\u00e9s de nuestra plataforma de formaci\u00f3n.<\/p>\r\n<p>Para el acceso a las \u00e1reas privadas de usuarios, le proporcionamos su Usuario y Contrase\u00f1a, que deber\u00e1 utilizar siempre con las siguientes medidas de seguridad:<\/p>\r\n<p>1. El usuario es responsable en todo momento de la custodia de Usuario y Contrase\u00f1a facilitados para el acceso a \u00e1reas privadas. Asimismo, ser\u00e1 responsable de cualquier da\u00f1o producido por su uso indebido, transferencia o p\u00e9rdida de los mismos.<\/p>\r\n<p>2. El acceso a \u00e1reas restringidas y\/o el uso del Sitio Web y\/o los Servicios tras el acceso mediante Usuario y Contrase\u00f1a, ser\u00e1 considerado realizado por el usuario, que ser\u00e1 directamente responsable de cualquier da\u00f1o y perjuicio derivado de tal acceso y\/o utilizaci\u00f3n, eximiendo expresamente a la mancomunidad de cualquier uso no autorizado de la informaci\u00f3n accedida.<\/p>\r\n<p>3. El usuario deber\u00e1 informar inmediatamente de cualquier circunstancia que pueda implicar un riesgo de acceso y\/o uso por persona no autorizada, a fin de que se proceda a la cancelaci\u00f3n y sustituci\u00f3n de Usuario y Contrase\u00f1a enviando un email a info@mancomunidad.org o mediante llamada al siguiente n\u00ba de tel\u00e9fono: 952839316.<\/p>\t\t\t\t\t\t\t\t<\/div>\n\t\t\t\t<\/div>\n\t\t\t\t\t<\/div>\n\t\t\t\t<\/div>\n\t\t\t\t<\/div>\n\t\t\t\t<\/div>\n\t\t","protected":false},"excerpt":{"rendered":"<p>Para dar cumplimiento a lo establecido en la Ley 34\/2002 de 11 de julio, de Servicios de la Sociedad de la Informaci\u00f3n y de Comercio Electr\u00f3nico (LSSICE), a continuaci\u00f3n, se indican los datos de informaci\u00f3n general del sitio web mancomunidad.org: Titular del sitio web Mancomunidad de Municipios de la Costa del Sol Occidental [P2900001E] Direcci\u00f3n [&hellip;]<\/p>\n","protected":false},"author":1,"featured_media":0,"parent":0,"menu_order":0,"comment_status":"closed","ping_status":"closed","template":"","meta":{"_monsterinsights_skip_tracking":false,"_monsterinsights_sitenote_active":false,"_monsterinsights_sitenote_note":"","_monsterinsights_sitenote_category":0,"footnotes":""},"class_list":["post-2333","page","type-page","status-publish","hentry"],"yoast_head":"<!-- This site is optimized with the Yoast SEO plugin v26.6 - https:\/\/yoast.com\/wordpress\/plugins\/seo\/ -->\n<title>Legal notice - Mancomunidad de Municipios<\/title>\n<meta name=\"robots\" content=\"index, follow, max-snippet:-1, max-image-preview:large, max-video-preview:-1\" \/>\n<link rel=\"canonical\" href=\"https:\/\/mancomunidad.org\/en\/legal-notice\/\" \/>\n<meta property=\"og:locale\" content=\"en_US\" \/>\n<meta property=\"og:type\" content=\"article\" \/>\n<meta property=\"og:title\" content=\"Legal notice - Mancomunidad de Municipios\" \/>\n<meta property=\"og:description\" content=\"Para dar cumplimiento a lo establecido en la Ley 34\/2002 de 11 de julio, de Servicios de la Sociedad de la Informaci\u00f3n y de Comercio Electr\u00f3nico (LSSICE), a continuaci\u00f3n, se indican los datos de informaci\u00f3n general del sitio web mancomunidad.org: Titular del sitio web Mancomunidad de Municipios de la Costa del Sol Occidental [P2900001E] Direcci\u00f3n [&hellip;]\" \/>\n<meta property=\"og:url\" content=\"https:\/\/mancomunidad.org\/en\/legal-notice\/\" \/>\n<meta property=\"og:site_name\" content=\"Mancomunidad de Municipios\" \/>\n<meta property=\"article:publisher\" content=\"https:\/\/www.facebook.com\/mancomunidadcostasoloccidental\/\" \/>\n<meta property=\"article:modified_time\" content=\"2024-02-15T09:59:43+00:00\" \/>\n<meta property=\"og:image\" content=\"https:\/\/mancomunidad.org\/wp-content\/uploads\/2024\/02\/mancomunidad-schema.jpeg\" \/>\n\t<meta property=\"og:image:width\" content=\"1600\" \/>\n\t<meta property=\"og:image:height\" content=\"900\" \/>\n\t<meta property=\"og:image:type\" content=\"image\/jpeg\" \/>\n<meta name=\"twitter:card\" content=\"summary_large_image\" \/>\n<meta name=\"twitter:site\" content=\"@MancomunidadCSO\" \/>\n<meta name=\"twitter:label1\" content=\"Est. reading time\" \/>\n\t<meta name=\"twitter:data1\" content=\"2 minutes\" \/>\n<script type=\"application\/ld+json\" class=\"yoast-schema-graph\">{\"@context\":\"https:\/\/schema.org\",\"@graph\":[{\"@type\":\"WebPage\",\"@id\":\"https:\/\/mancomunidad.org\/en\/legal-notice\/\",\"url\":\"https:\/\/mancomunidad.org\/en\/legal-notice\/\",\"name\":\"Legal notice - Mancomunidad de Municipios\",\"isPartOf\":{\"@id\":\"https:\/\/mancomunidad.org\/en\/#website\"},\"datePublished\":\"2024-01-15T07:04:13+00:00\",\"dateModified\":\"2024-02-15T09:59:43+00:00\",\"breadcrumb\":{\"@id\":\"https:\/\/mancomunidad.org\/en\/legal-notice\/#breadcrumb\"},\"inLanguage\":\"en-US\",\"potentialAction\":[{\"@type\":\"ReadAction\",\"target\":[\"https:\/\/mancomunidad.org\/en\/legal-notice\/\"]}]},{\"@type\":\"BreadcrumbList\",\"@id\":\"https:\/\/mancomunidad.org\/en\/legal-notice\/#breadcrumb\",\"itemListElement\":[{\"@type\":\"ListItem\",\"position\":1,\"name\":\"Inicio\",\"item\":\"https:\/\/mancomunidad.org\/en\/\"},{\"@type\":\"ListItem\",\"position\":2,\"name\":\"Legal notice\"}]},{\"@type\":\"WebSite\",\"@id\":\"https:\/\/mancomunidad.org\/en\/#website\",\"url\":\"https:\/\/mancomunidad.org\/en\/\",\"name\":\"Mancomunidad de Municipios\",\"description\":\"Costa del Sol Occidental\",\"publisher\":{\"@id\":\"https:\/\/mancomunidad.org\/en\/#organization\"},\"potentialAction\":[{\"@type\":\"SearchAction\",\"target\":{\"@type\":\"EntryPoint\",\"urlTemplate\":\"https:\/\/mancomunidad.org\/en\/?s={search_term_string}\"},\"query-input\":{\"@type\":\"PropertyValueSpecification\",\"valueRequired\":true,\"valueName\":\"search_term_string\"}}],\"inLanguage\":\"en-US\"},{\"@type\":\"Organization\",\"@id\":\"https:\/\/mancomunidad.org\/en\/#organization\",\"name\":\"Costa del Sol occidental\",\"url\":\"https:\/\/mancomunidad.org\/en\/\",\"logo\":{\"@type\":\"ImageObject\",\"inLanguage\":\"en-US\",\"@id\":\"https:\/\/mancomunidad.org\/en\/#\/schema\/logo\/image\/\",\"url\":\"https:\/\/mancomunidad.org\/wp-content\/uploads\/2024\/01\/logo_footer.png\",\"contentUrl\":\"https:\/\/mancomunidad.org\/wp-content\/uploads\/2024\/01\/logo_footer.png\",\"width\":201,\"height\":61,\"caption\":\"Costa del Sol occidental\"},\"image\":{\"@id\":\"https:\/\/mancomunidad.org\/en\/#\/schema\/logo\/image\/\"},\"sameAs\":[\"https:\/\/www.facebook.com\/mancomunidadcostasoloccidental\/\",\"https:\/\/x.com\/MancomunidadCSO\",\"https:\/\/www.instagram.com\/mancomunidadmunicipioscso\/\"]}]}<\/script>\n<!-- \/ Yoast SEO plugin. -->","yoast_head_json":{"title":"Legal notice - Mancomunidad de Municipios","robots":{"index":"index","follow":"follow","max-snippet":"max-snippet:-1","max-image-preview":"max-image-preview:large","max-video-preview":"max-video-preview:-1"},"canonical":"https:\/\/mancomunidad.org\/en\/legal-notice\/","og_locale":"en_US","og_type":"article","og_title":"Legal notice - Mancomunidad de Municipios","og_description":"Para dar cumplimiento a lo establecido en la Ley 34\/2002 de 11 de julio, de Servicios de la Sociedad de la Informaci\u00f3n y de Comercio Electr\u00f3nico (LSSICE), a continuaci\u00f3n, se indican los datos de informaci\u00f3n general del sitio web mancomunidad.org: Titular del sitio web Mancomunidad de Municipios de la Costa del Sol Occidental [P2900001E] Direcci\u00f3n [&hellip;]","og_url":"https:\/\/mancomunidad.org\/en\/legal-notice\/","og_site_name":"Mancomunidad de Municipios","article_publisher":"https:\/\/www.facebook.com\/mancomunidadcostasoloccidental\/","article_modified_time":"2024-02-15T09:59:43+00:00","og_image":[{"width":1600,"height":900,"url":"https:\/\/mancomunidad.org\/wp-content\/uploads\/2024\/02\/mancomunidad-schema.jpeg","type":"image\/jpeg"}],"twitter_card":"summary_large_image","twitter_site":"@MancomunidadCSO","twitter_misc":{"Est. reading time":"2 minutes"},"schema":{"@context":"https:\/\/schema.org","@graph":[{"@type":"WebPage","@id":"https:\/\/mancomunidad.org\/en\/legal-notice\/","url":"https:\/\/mancomunidad.org\/en\/legal-notice\/","name":"Legal notice - Mancomunidad de Municipios","isPartOf":{"@id":"https:\/\/mancomunidad.org\/en\/#website"},"datePublished":"2024-01-15T07:04:13+00:00","dateModified":"2024-02-15T09:59:43+00:00","breadcrumb":{"@id":"https:\/\/mancomunidad.org\/en\/legal-notice\/#breadcrumb"},"inLanguage":"en-US","potentialAction":[{"@type":"ReadAction","target":["https:\/\/mancomunidad.org\/en\/legal-notice\/"]}]},{"@type":"BreadcrumbList","@id":"https:\/\/mancomunidad.org\/en\/legal-notice\/#breadcrumb","itemListElement":[{"@type":"ListItem","position":1,"name":"Inicio","item":"https:\/\/mancomunidad.org\/en\/"},{"@type":"ListItem","position":2,"name":"Legal notice"}]},{"@type":"WebSite","@id":"https:\/\/mancomunidad.org\/en\/#website","url":"https:\/\/mancomunidad.org\/en\/","name":"Mancomunidad de Municipios","description":"Costa del Sol Occidental","publisher":{"@id":"https:\/\/mancomunidad.org\/en\/#organization"},"potentialAction":[{"@type":"SearchAction","target":{"@type":"EntryPoint","urlTemplate":"https:\/\/mancomunidad.org\/en\/?s={search_term_string}"},"query-input":{"@type":"PropertyValueSpecification","valueRequired":true,"valueName":"search_term_string"}}],"inLanguage":"en-US"},{"@type":"Organization","@id":"https:\/\/mancomunidad.org\/en\/#organization","name":"Costa del Sol occidental","url":"https:\/\/mancomunidad.org\/en\/","logo":{"@type":"ImageObject","inLanguage":"en-US","@id":"https:\/\/mancomunidad.org\/en\/#\/schema\/logo\/image\/","url":"https:\/\/mancomunidad.org\/wp-content\/uploads\/2024\/01\/logo_footer.png","contentUrl":"https:\/\/mancomunidad.org\/wp-content\/uploads\/2024\/01\/logo_footer.png","width":201,"height":61,"caption":"Costa del Sol occidental"},"image":{"@id":"https:\/\/mancomunidad.org\/en\/#\/schema\/logo\/image\/"},"sameAs":["https:\/\/www.facebook.com\/mancomunidadcostasoloccidental\/","https:\/\/x.com\/MancomunidadCSO","https:\/\/www.instagram.com\/mancomunidadmunicipioscso\/"]}]}},"_links":{"self":[{"href":"https:\/\/mancomunidad.org\/en\/wp-json\/wp\/v2\/pages\/2333","targetHints":{"allow":["GET"]}}],"collection":[{"href":"https:\/\/mancomunidad.org\/en\/wp-json\/wp\/v2\/pages"}],"about":[{"href":"https:\/\/mancomunidad.org\/en\/wp-json\/wp\/v2\/types\/page"}],"author":[{"embeddable":true,"href":"https:\/\/mancomunidad.org\/en\/wp-json\/wp\/v2\/users\/1"}],"replies":[{"embeddable":true,"href":"https:\/\/mancomunidad.org\/en\/wp-json\/wp\/v2\/comments?post=2333"}],"version-history":[{"count":1,"href":"https:\/\/mancomunidad.org\/en\/wp-json\/wp\/v2\/pages\/2333\/revisions"}],"predecessor-version":[{"id":2334,"href":"https:\/\/mancomunidad.org\/en\/wp-json\/wp\/v2\/pages\/2333\/revisions\/2334"}],"wp:attachment":[{"href":"https:\/\/mancomunidad.org\/en\/wp-json\/wp\/v2\/media?parent=2333"}],"curies":[{"name":"wp","href":"https:\/\/api.w.org\/{rel}","templated":true}]}}