{"id":2250,"date":"2024-01-15T09:18:07","date_gmt":"2024-01-15T08:18:07","guid":{"rendered":"https:\/\/mancomunidad.org\/greetings\/"},"modified":"2024-02-16T10:41:57","modified_gmt":"2024-02-16T09:41:57","slug":"greetings","status":"publish","type":"page","link":"https:\/\/mancomunidad.org\/en\/greetings\/","title":{"rendered":"Greetings"},"content":{"rendered":"\t\t<div data-elementor-type=\"wp-post\" data-elementor-id=\"2250\" class=\"elementor elementor-2250 elementor-13\" data-elementor-post-type=\"page\">\n\t\t\t\t<div class=\"elementor-element elementor-element-08fa413 e-flex e-con-boxed e-con e-parent\" data-id=\"08fa413\" data-element_type=\"container\" data-settings=\"{&quot;background_background&quot;:&quot;classic&quot;}\">\n\t\t\t\t\t<div class=\"e-con-inner\">\n\t\t<div class=\"elementor-element elementor-element-d736670 e-con-full e-flex e-con e-child\" data-id=\"d736670\" data-element_type=\"container\">\n\t\t\t\t<div class=\"elementor-element elementor-element-9d6c346 elementor-align-left elementor-widget elementor-widget-breadcrumbs\" data-id=\"9d6c346\" data-element_type=\"widget\" data-widget_type=\"breadcrumbs.default\">\n\t\t\t\t<div class=\"elementor-widget-container\">\n\t\t\t\t\t<p id=\"breadcrumbs\"><span><span><a href=\"https:\/\/mancomunidad.org\/en\/\">Inicio<\/a><\/span><\/span><\/p>\t\t\t\t<\/div>\n\t\t\t\t<\/div>\n\t\t\t\t<\/div>\n\t\t\t\t\t<\/div>\n\t\t\t\t<\/div>\n\t\t<div class=\"elementor-element elementor-element-19b95aa e-flex e-con-boxed e-con e-parent\" data-id=\"19b95aa\" data-element_type=\"container\">\n\t\t\t\t\t<div class=\"e-con-inner\">\n\t\t<div class=\"elementor-element elementor-element-0d786bb e-con-full e-flex e-con e-child\" data-id=\"0d786bb\" data-element_type=\"container\">\n\t\t\t\t<div class=\"elementor-element elementor-element-9452437 elementor-widget elementor-widget-image\" data-id=\"9452437\" data-element_type=\"widget\" data-widget_type=\"image.default\">\n\t\t\t\t<div class=\"elementor-widget-container\">\n\t\t\t\t\t\t\t\t\t\t\t\t\t\t\t<img decoding=\"async\" width=\"182\" height=\"250\" src=\"https:\/\/mancomunidad.org\/wp-content\/uploads\/2024\/02\/presidente.jpg\" class=\"attachment-full size-full wp-image-441\" alt=\"\" \/>\t\t\t\t\t\t\t\t\t\t\t\t\t\t\t<\/div>\n\t\t\t\t<\/div>\n\t\t\t\t<\/div>\n\t\t<div class=\"elementor-element elementor-element-632200e e-con-full e-flex e-con e-child\" data-id=\"632200e\" data-element_type=\"container\">\n\t\t\t\t<div class=\"elementor-element elementor-element-07c132b elementor-widget elementor-widget-text-editor\" data-id=\"07c132b\" data-element_type=\"widget\" data-widget_type=\"text-editor.default\">\n\t\t\t\t<div class=\"elementor-widget-container\">\n\t\t\t\t\t\t\t\t\t<h2><b>Greetings from the President<\/b><\/h2>\n<p><strong>Manuel Miguel <\/strong><strong>Carde\u00f1a G\u00f3mez<\/strong><\/p>\n<p>In my capacity as president, I would like to welcome you to the web page of the Mancomunidad de Municipios de la Costa del Sol Occidental.<\/p>\n<p>The Mancomunidad is a supra-municipal organization made up of eleven municipalities of the Costa del Sol: Benahav\u00eds, Benalm\u00e1dena, Casares, Estepona, Fuengirola, Ist\u00e1n, Manilva, Mijas, Marbella, Oj\u00e9n and Torremolinos.<\/p>\n<p>We have been working together since 1972, with the firm conviction that together we can manage our resources more efficiently and provide quality public services. We are united by the motto &#8220;the reason for commonality&#8221;.<\/p>\n<p>We mainly manage waste treatment, both organic and selective, in addition to the integral management of water through our public company ACOSOL, the beaconing of the beaches or the tourist promotion of the region, among others.<\/p>\n<p>On this website you will find all the information you need about the Mancomunidad, as well as access to our Electronic Headquarters to carry out any procedure or query. We have the firm intention of making this Administration as useful, close and transparent as possible for the citizen.<\/p>\n\t\t\t\t\t\t\t\t<\/div>\n\t\t\t\t<\/div>\n\t\t\t\t<\/div>\n\t\t\t\t\t<\/div>\n\t\t\t\t<\/div>\n\t\t<div class=\"elementor-element elementor-element-b300d67 e-flex e-con-boxed e-con e-parent\" data-id=\"b300d67\" data-element_type=\"container\">\n\t\t\t\t\t<div class=\"e-con-inner\">\n\t\t\t\t<div class=\"elementor-element elementor-element-e1b9819 elementor-widget-divider--view-line elementor-widget elementor-widget-divider\" data-id=\"e1b9819\" data-element_type=\"widget\" data-widget_type=\"divider.default\">\n\t\t\t\t<div class=\"elementor-widget-container\">\n\t\t\t\t\t\t\t<div class=\"elementor-divider\">\n\t\t\t<span class=\"elementor-divider-separator\">\n\t\t\t\t\t\t<\/span>\n\t\t<\/div>\n\t\t\t\t\t\t<\/div>\n\t\t\t\t<\/div>\n\t\t\t\t\t<\/div>\n\t\t\t\t<\/div>\n\t\t<div class=\"elementor-element elementor-element-5b4b681 e-flex e-con-boxed e-con e-parent\" data-id=\"5b4b681\" data-element_type=\"container\">\n\t\t\t\t\t<div class=\"e-con-inner\">\n\t\t<div class=\"elementor-element elementor-element-d97883e e-con-full e-flex e-con e-child\" data-id=\"d97883e\" data-element_type=\"container\">\n\t\t\t\t<div class=\"elementor-element elementor-element-79c86a5 elementor-widget elementor-widget-image\" data-id=\"79c86a5\" data-element_type=\"widget\" data-widget_type=\"image.default\">\n\t\t\t\t<div class=\"elementor-widget-container\">\n\t\t\t\t\t\t\t\t\t\t\t\t\t\t\t<img decoding=\"async\" width=\"182\" height=\"250\" src=\"https:\/\/mancomunidad.org\/wp-content\/uploads\/2024\/02\/portavoz.jpg\" class=\"attachment-full size-full wp-image-440\" alt=\"\" \/>\t\t\t\t\t\t\t\t\t\t\t\t\t\t\t<\/div>\n\t\t\t\t<\/div>\n\t\t\t\t<\/div>\n\t\t<div class=\"elementor-element elementor-element-21ee2ee e-con-full e-flex e-con e-child\" data-id=\"21ee2ee\" data-element_type=\"container\">\n\t\t\t\t<div class=\"elementor-element elementor-element-f2c9e02 elementor-widget elementor-widget-text-editor\" data-id=\"f2c9e02\" data-element_type=\"widget\" data-widget_type=\"text-editor.default\">\n\t\t\t\t<div class=\"elementor-widget-container\">\n\t\t\t\t\t\t\t\t\t<h2><strong>Greetings from the government team spokesman<\/strong><\/h2>\n<p><strong>Jos\u00e9 Manuel Fern\u00e1ndez Fern\u00e1ndez Fern\u00e1ndez<\/strong><\/p>\n<p>In my capacity as spokesperson of the Government Team of the Commonwealth of Municipalities of the Western Costa del Sol, I welcome you to the website of this institution.<\/p>\n<p>This grouping of municipalities works to ensure that common services are effective in the region. Through responsible management, consensus and participation, we have been achieving this for more than fifty years.<\/p>\n<p>We are here to work for the citizens of the Costa del Sol, both residents and those who visit us temporarily.<\/p>\n<p>I send you my warmest regards.<\/p>\n\t\t\t\t\t\t\t\t<\/div>\n\t\t\t\t<\/div>\n\t\t\t\t<\/div>\n\t\t\t\t\t<\/div>\n\t\t\t\t<\/div>\n\t\t\t\t<\/div>\n\t\t","protected":false},"excerpt":{"rendered":"<p>Greetings from the President Manuel Miguel Carde\u00f1a G\u00f3mez In my capacity as president, I would like to welcome you to the web page of the Mancomunidad de Municipios de la Costa del Sol Occidental. The Mancomunidad is a supra-municipal organization made up of eleven municipalities of the Costa del Sol: Benahav\u00eds, Benalm\u00e1dena, Casares, Estepona, Fuengirola, [&hellip;]<\/p>\n","protected":false},"author":1,"featured_media":0,"parent":0,"menu_order":0,"comment_status":"closed","ping_status":"closed","template":"","meta":{"_monsterinsights_skip_tracking":false,"_monsterinsights_sitenote_active":false,"_monsterinsights_sitenote_note":"","_monsterinsights_sitenote_category":0,"footnotes":""},"class_list":["post-2250","page","type-page","status-publish","hentry"],"yoast_head":"<!-- This site is optimized with the Yoast SEO plugin v26.6 - https:\/\/yoast.com\/wordpress\/plugins\/seo\/ -->\n<title>Greetings - Mancomunidad de Municipios<\/title>\n<meta name=\"robots\" content=\"index, follow, max-snippet:-1, max-image-preview:large, max-video-preview:-1\" \/>\n<link rel=\"canonical\" href=\"https:\/\/mancomunidad.org\/en\/greetings\/\" \/>\n<meta property=\"og:locale\" content=\"en_US\" \/>\n<meta property=\"og:type\" content=\"article\" \/>\n<meta property=\"og:title\" content=\"Greetings - Mancomunidad de Municipios\" \/>\n<meta property=\"og:description\" content=\"Greetings from the President Manuel Miguel Carde\u00f1a G\u00f3mez In my capacity as president, I would like to welcome you to the web page of the Mancomunidad de Municipios de la Costa del Sol Occidental. The Mancomunidad is a supra-municipal organization made up of eleven municipalities of the Costa del Sol: Benahav\u00eds, Benalm\u00e1dena, Casares, Estepona, Fuengirola, [&hellip;]\" \/>\n<meta property=\"og:url\" content=\"https:\/\/mancomunidad.org\/en\/greetings\/\" \/>\n<meta property=\"og:site_name\" content=\"Mancomunidad de Municipios\" \/>\n<meta property=\"article:publisher\" content=\"https:\/\/www.facebook.com\/mancomunidadcostasoloccidental\/\" \/>\n<meta property=\"article:modified_time\" content=\"2024-02-16T09:41:57+00:00\" \/>\n<meta property=\"og:image\" content=\"https:\/\/mancomunidad.org\/wp-content\/uploads\/2024\/02\/presidente.jpg\" \/>\n<meta name=\"twitter:card\" content=\"summary_large_image\" \/>\n<meta name=\"twitter:site\" content=\"@MancomunidadCSO\" \/>\n<meta name=\"twitter:label1\" content=\"Est. reading time\" \/>\n\t<meta name=\"twitter:data1\" content=\"1 minute\" \/>\n<script type=\"application\/ld+json\" class=\"yoast-schema-graph\">{\"@context\":\"https:\/\/schema.org\",\"@graph\":[{\"@type\":\"WebPage\",\"@id\":\"https:\/\/mancomunidad.org\/en\/greetings\/\",\"url\":\"https:\/\/mancomunidad.org\/en\/greetings\/\",\"name\":\"Greetings - Mancomunidad de Municipios\",\"isPartOf\":{\"@id\":\"https:\/\/mancomunidad.org\/en\/#website\"},\"primaryImageOfPage\":{\"@id\":\"https:\/\/mancomunidad.org\/en\/greetings\/#primaryimage\"},\"image\":{\"@id\":\"https:\/\/mancomunidad.org\/en\/greetings\/#primaryimage\"},\"thumbnailUrl\":\"https:\/\/mancomunidad.org\/wp-content\/uploads\/2024\/02\/presidente.jpg\",\"datePublished\":\"2024-01-15T08:18:07+00:00\",\"dateModified\":\"2024-02-16T09:41:57+00:00\",\"breadcrumb\":{\"@id\":\"https:\/\/mancomunidad.org\/en\/greetings\/#breadcrumb\"},\"inLanguage\":\"en-US\",\"potentialAction\":[{\"@type\":\"ReadAction\",\"target\":[\"https:\/\/mancomunidad.org\/en\/greetings\/\"]}]},{\"@type\":\"ImageObject\",\"inLanguage\":\"en-US\",\"@id\":\"https:\/\/mancomunidad.org\/en\/greetings\/#primaryimage\",\"url\":\"https:\/\/mancomunidad.org\/wp-content\/uploads\/2024\/02\/presidente.jpg\",\"contentUrl\":\"https:\/\/mancomunidad.org\/wp-content\/uploads\/2024\/02\/presidente.jpg\"},{\"@type\":\"BreadcrumbList\",\"@id\":\"https:\/\/mancomunidad.org\/en\/greetings\/#breadcrumb\",\"itemListElement\":[{\"@type\":\"ListItem\",\"position\":1,\"name\":\"Inicio\",\"item\":\"https:\/\/mancomunidad.org\/en\/\"},{\"@type\":\"ListItem\",\"position\":2,\"name\":\"Greetings\"}]},{\"@type\":\"WebSite\",\"@id\":\"https:\/\/mancomunidad.org\/en\/#website\",\"url\":\"https:\/\/mancomunidad.org\/en\/\",\"name\":\"Mancomunidad de Municipios\",\"description\":\"Costa del Sol Occidental\",\"publisher\":{\"@id\":\"https:\/\/mancomunidad.org\/en\/#organization\"},\"potentialAction\":[{\"@type\":\"SearchAction\",\"target\":{\"@type\":\"EntryPoint\",\"urlTemplate\":\"https:\/\/mancomunidad.org\/en\/?s={search_term_string}\"},\"query-input\":{\"@type\":\"PropertyValueSpecification\",\"valueRequired\":true,\"valueName\":\"search_term_string\"}}],\"inLanguage\":\"en-US\"},{\"@type\":\"Organization\",\"@id\":\"https:\/\/mancomunidad.org\/en\/#organization\",\"name\":\"Costa del Sol occidental\",\"url\":\"https:\/\/mancomunidad.org\/en\/\",\"logo\":{\"@type\":\"ImageObject\",\"inLanguage\":\"en-US\",\"@id\":\"https:\/\/mancomunidad.org\/en\/#\/schema\/logo\/image\/\",\"url\":\"https:\/\/mancomunidad.org\/wp-content\/uploads\/2024\/01\/logo_footer.png\",\"contentUrl\":\"https:\/\/mancomunidad.org\/wp-content\/uploads\/2024\/01\/logo_footer.png\",\"width\":201,\"height\":61,\"caption\":\"Costa del Sol occidental\"},\"image\":{\"@id\":\"https:\/\/mancomunidad.org\/en\/#\/schema\/logo\/image\/\"},\"sameAs\":[\"https:\/\/www.facebook.com\/mancomunidadcostasoloccidental\/\",\"https:\/\/x.com\/MancomunidadCSO\",\"https:\/\/www.instagram.com\/mancomunidadmunicipioscso\/\"]}]}<\/script>\n<!-- \/ Yoast SEO plugin. -->","yoast_head_json":{"title":"Greetings - Mancomunidad de Municipios","robots":{"index":"index","follow":"follow","max-snippet":"max-snippet:-1","max-image-preview":"max-image-preview:large","max-video-preview":"max-video-preview:-1"},"canonical":"https:\/\/mancomunidad.org\/en\/greetings\/","og_locale":"en_US","og_type":"article","og_title":"Greetings - Mancomunidad de Municipios","og_description":"Greetings from the President Manuel Miguel Carde\u00f1a G\u00f3mez In my capacity as president, I would like to welcome you to the web page of the Mancomunidad de Municipios de la Costa del Sol Occidental. The Mancomunidad is a supra-municipal organization made up of eleven municipalities of the Costa del Sol: Benahav\u00eds, Benalm\u00e1dena, Casares, Estepona, Fuengirola, [&hellip;]","og_url":"https:\/\/mancomunidad.org\/en\/greetings\/","og_site_name":"Mancomunidad de Municipios","article_publisher":"https:\/\/www.facebook.com\/mancomunidadcostasoloccidental\/","article_modified_time":"2024-02-16T09:41:57+00:00","og_image":[{"url":"https:\/\/mancomunidad.org\/wp-content\/uploads\/2024\/02\/presidente.jpg","type":"","width":"","height":""}],"twitter_card":"summary_large_image","twitter_site":"@MancomunidadCSO","twitter_misc":{"Est. reading time":"1 minute"},"schema":{"@context":"https:\/\/schema.org","@graph":[{"@type":"WebPage","@id":"https:\/\/mancomunidad.org\/en\/greetings\/","url":"https:\/\/mancomunidad.org\/en\/greetings\/","name":"Greetings - Mancomunidad de Municipios","isPartOf":{"@id":"https:\/\/mancomunidad.org\/en\/#website"},"primaryImageOfPage":{"@id":"https:\/\/mancomunidad.org\/en\/greetings\/#primaryimage"},"image":{"@id":"https:\/\/mancomunidad.org\/en\/greetings\/#primaryimage"},"thumbnailUrl":"https:\/\/mancomunidad.org\/wp-content\/uploads\/2024\/02\/presidente.jpg","datePublished":"2024-01-15T08:18:07+00:00","dateModified":"2024-02-16T09:41:57+00:00","breadcrumb":{"@id":"https:\/\/mancomunidad.org\/en\/greetings\/#breadcrumb"},"inLanguage":"en-US","potentialAction":[{"@type":"ReadAction","target":["https:\/\/mancomunidad.org\/en\/greetings\/"]}]},{"@type":"ImageObject","inLanguage":"en-US","@id":"https:\/\/mancomunidad.org\/en\/greetings\/#primaryimage","url":"https:\/\/mancomunidad.org\/wp-content\/uploads\/2024\/02\/presidente.jpg","contentUrl":"https:\/\/mancomunidad.org\/wp-content\/uploads\/2024\/02\/presidente.jpg"},{"@type":"BreadcrumbList","@id":"https:\/\/mancomunidad.org\/en\/greetings\/#breadcrumb","itemListElement":[{"@type":"ListItem","position":1,"name":"Inicio","item":"https:\/\/mancomunidad.org\/en\/"},{"@type":"ListItem","position":2,"name":"Greetings"}]},{"@type":"WebSite","@id":"https:\/\/mancomunidad.org\/en\/#website","url":"https:\/\/mancomunidad.org\/en\/","name":"Mancomunidad de Municipios","description":"Costa del Sol Occidental","publisher":{"@id":"https:\/\/mancomunidad.org\/en\/#organization"},"potentialAction":[{"@type":"SearchAction","target":{"@type":"EntryPoint","urlTemplate":"https:\/\/mancomunidad.org\/en\/?s={search_term_string}"},"query-input":{"@type":"PropertyValueSpecification","valueRequired":true,"valueName":"search_term_string"}}],"inLanguage":"en-US"},{"@type":"Organization","@id":"https:\/\/mancomunidad.org\/en\/#organization","name":"Costa del Sol occidental","url":"https:\/\/mancomunidad.org\/en\/","logo":{"@type":"ImageObject","inLanguage":"en-US","@id":"https:\/\/mancomunidad.org\/en\/#\/schema\/logo\/image\/","url":"https:\/\/mancomunidad.org\/wp-content\/uploads\/2024\/01\/logo_footer.png","contentUrl":"https:\/\/mancomunidad.org\/wp-content\/uploads\/2024\/01\/logo_footer.png","width":201,"height":61,"caption":"Costa del Sol occidental"},"image":{"@id":"https:\/\/mancomunidad.org\/en\/#\/schema\/logo\/image\/"},"sameAs":["https:\/\/www.facebook.com\/mancomunidadcostasoloccidental\/","https:\/\/x.com\/MancomunidadCSO","https:\/\/www.instagram.com\/mancomunidadmunicipioscso\/"]}]}},"_links":{"self":[{"href":"https:\/\/mancomunidad.org\/en\/wp-json\/wp\/v2\/pages\/2250","targetHints":{"allow":["GET"]}}],"collection":[{"href":"https:\/\/mancomunidad.org\/en\/wp-json\/wp\/v2\/pages"}],"about":[{"href":"https:\/\/mancomunidad.org\/en\/wp-json\/wp\/v2\/types\/page"}],"author":[{"embeddable":true,"href":"https:\/\/mancomunidad.org\/en\/wp-json\/wp\/v2\/users\/1"}],"replies":[{"embeddable":true,"href":"https:\/\/mancomunidad.org\/en\/wp-json\/wp\/v2\/comments?post=2250"}],"version-history":[{"count":2,"href":"https:\/\/mancomunidad.org\/en\/wp-json\/wp\/v2\/pages\/2250\/revisions"}],"predecessor-version":[{"id":2524,"href":"https:\/\/mancomunidad.org\/en\/wp-json\/wp\/v2\/pages\/2250\/revisions\/2524"}],"wp:attachment":[{"href":"https:\/\/mancomunidad.org\/en\/wp-json\/wp\/v2\/media?parent=2250"}],"curies":[{"name":"wp","href":"https:\/\/api.w.org\/{rel}","templated":true}]}}